{"id":89,"date":"2024-12-01T05:27:40","date_gmt":"2024-12-01T05:27:40","guid":{"rendered":"https:\/\/sebeharju.online\/?page_id=89"},"modified":"2025-01-20T08:07:22","modified_gmt":"2025-01-20T06:07:22","slug":"liinid","status":"publish","type":"page","link":"https:\/\/sebeharju.online\/et\/liinid\/","title":{"rendered":"Liinid"},"content":{"rendered":"\n<div class=\"wp-block-group alignfull has-background-background-color has-background has-global-padding is-layout-constrained wp-container-core-group-is-layout-7276a2bb wp-block-group-is-layout-constrained\" style=\"margin-top:0;margin-bottom:0;padding-top:var(--wp--preset--spacing--60);padding-right:var(--wp--preset--spacing--30);padding-bottom:var(--wp--preset--spacing--60);padding-left:var(--wp--preset--spacing--30)\">\n<div class=\"wp-block-columns alignwide is-layout-flex wp-container-core-columns-is-layout-28f84493 wp-block-columns-is-layout-flex\">\n<div class=\"wp-block-column is-layout-flow wp-block-column-is-layout-flow\">\n<h2 class=\"wp-block-heading has-large-font-size\">Sebe Harjumaa liinid<\/h2>\n\n\n\n<p style=\"margin-top:16px\">Sebe Harjumaa bussijuhid teenindavad mitmeid erinevaid hankelepinguid. Meie liinid kuuluvad erinevatesse r\u00fchmadesse ehk suundadesse, mida iseloomustavad erinevad tingimused. N\u00e4iteks p\u00f5hja suunas v\u00f5ivad liikuda k\u00f5ik meie bussid. L\u00e4\u00e4ne2 ja Ida2 suunda on lubatud s\u00f5ita vaid siniste bussidega. Ida suunas saavad liikuda bussid, millel on kolmepunktilised turvav\u00f6\u00f6d, ning Edela suunas v\u00f5ivad s\u00f5ita k\u00f5ik bussid, mis kasutavad HVO v\u00f5i CNG k\u00fctust. Ida ja Edela suuna bussid peavad olema madalad ehk LE bussid. On ka \u00fcksikuid erandeid, kus teatud bussidel on luba s\u00f5ita teistel liinidel.<\/p>\n\n\n\n<figure class=\"wp-block-gallery has-nested-images columns-default is-cropped wp-block-gallery-1 is-layout-flex wp-block-gallery-is-layout-flex\">\n<figure class=\"wp-block-image size-large\"><img loading=\"lazy\" decoding=\"async\" width=\"1024\" height=\"585\" data-id=\"318\" src=\"https:\/\/sebeharju.online\/wp-content\/uploads\/2024\/12\/img-mpVRaTmqWIUBFaUygsF0Dr3x-1024x585.png\" alt=\"\" class=\"wp-image-318\" srcset=\"https:\/\/sebeharju.online\/wp-content\/uploads\/2024\/12\/img-mpVRaTmqWIUBFaUygsF0Dr3x-1024x585.png 1024w, https:\/\/sebeharju.online\/wp-content\/uploads\/2024\/12\/img-mpVRaTmqWIUBFaUygsF0Dr3x-300x171.png 300w, https:\/\/sebeharju.online\/wp-content\/uploads\/2024\/12\/img-mpVRaTmqWIUBFaUygsF0Dr3x-768x439.png 768w, https:\/\/sebeharju.online\/wp-content\/uploads\/2024\/12\/img-mpVRaTmqWIUBFaUygsF0Dr3x-1536x878.png 1536w, https:\/\/sebeharju.online\/wp-content\/uploads\/2024\/12\/img-mpVRaTmqWIUBFaUygsF0Dr3x.png 1792w\" sizes=\"auto, (max-width: 1024px) 100vw, 1024px\" \/><\/figure>\n<\/figure>\n\n\n\n<p>Lisaks on bussid 430 ja 480 \u00fcmber ehitatud, et teenindada kahte maakonda. Need bussid saavad s\u00f5ita nii Harjumaa kui ka P\u00e4rnumaa liinidel. Sebe teenindab Harjumaal ning lisaks on \u00fcks Sebe liin, 336, P\u00e4rnumaal.<\/p>\n\n\n\n<figure class=\"wp-block-gallery has-nested-images columns-default is-cropped wp-block-gallery-2 is-layout-flex wp-block-gallery-is-layout-flex\">\n<figure class=\"wp-block-image size-large\"><img loading=\"lazy\" decoding=\"async\" width=\"1024\" height=\"585\" data-id=\"97\" src=\"https:\/\/sebeharju.online\/wp-content\/uploads\/2024\/12\/img-IjuA2bkmiiZHrEWFHjWN0f0P-1024x585.png\" alt=\"\" class=\"wp-image-97\" srcset=\"https:\/\/sebeharju.online\/wp-content\/uploads\/2024\/12\/img-IjuA2bkmiiZHrEWFHjWN0f0P-1024x585.png 1024w, https:\/\/sebeharju.online\/wp-content\/uploads\/2024\/12\/img-IjuA2bkmiiZHrEWFHjWN0f0P-300x171.png 300w, https:\/\/sebeharju.online\/wp-content\/uploads\/2024\/12\/img-IjuA2bkmiiZHrEWFHjWN0f0P-768x439.png 768w, https:\/\/sebeharju.online\/wp-content\/uploads\/2024\/12\/img-IjuA2bkmiiZHrEWFHjWN0f0P-1536x878.png 1536w, https:\/\/sebeharju.online\/wp-content\/uploads\/2024\/12\/img-IjuA2bkmiiZHrEWFHjWN0f0P.png 1792w\" sizes=\"auto, (max-width: 1024px) 100vw, 1024px\" \/><\/figure>\n<\/figure>\n\n\n\n<figure class=\"wp-block-image size-large\"><img loading=\"lazy\" decoding=\"async\" width=\"1024\" height=\"585\" src=\"https:\/\/sebeharju.online\/wp-content\/uploads\/2024\/11\/img-mJcnPsxRygHJtB7ThvGKAkL6-1024x585.png\" alt=\"\" class=\"wp-image-65\" srcset=\"https:\/\/sebeharju.online\/wp-content\/uploads\/2024\/11\/img-mJcnPsxRygHJtB7ThvGKAkL6-1024x585.png 1024w, https:\/\/sebeharju.online\/wp-content\/uploads\/2024\/11\/img-mJcnPsxRygHJtB7ThvGKAkL6-300x171.png 300w, https:\/\/sebeharju.online\/wp-content\/uploads\/2024\/11\/img-mJcnPsxRygHJtB7ThvGKAkL6-768x439.png 768w, https:\/\/sebeharju.online\/wp-content\/uploads\/2024\/11\/img-mJcnPsxRygHJtB7ThvGKAkL6-1536x878.png 1536w, https:\/\/sebeharju.online\/wp-content\/uploads\/2024\/11\/img-mJcnPsxRygHJtB7ThvGKAkL6.png 1792w\" sizes=\"auto, (max-width: 1024px) 100vw, 1024px\" \/><\/figure>\n\n\n\n<figure class=\"wp-block-gallery has-nested-images columns-default is-cropped wp-block-gallery-3 is-layout-flex wp-block-gallery-is-layout-flex\">\n<figure class=\"wp-block-image size-large\"><img loading=\"lazy\" decoding=\"async\" width=\"1792\" height=\"1024\" data-id=\"321\" src=\"https:\/\/sebeharju.online\/wp-content\/uploads\/2024\/12\/img-sREtOtx0d6R4jq1VWe4FIBoj.png\" alt=\"\" class=\"wp-image-321\" srcset=\"https:\/\/sebeharju.online\/wp-content\/uploads\/2024\/12\/img-sREtOtx0d6R4jq1VWe4FIBoj.png 1792w, https:\/\/sebeharju.online\/wp-content\/uploads\/2024\/12\/img-sREtOtx0d6R4jq1VWe4FIBoj-300x171.png 300w, https:\/\/sebeharju.online\/wp-content\/uploads\/2024\/12\/img-sREtOtx0d6R4jq1VWe4FIBoj-1024x585.png 1024w, https:\/\/sebeharju.online\/wp-content\/uploads\/2024\/12\/img-sREtOtx0d6R4jq1VWe4FIBoj-768x439.png 768w, https:\/\/sebeharju.online\/wp-content\/uploads\/2024\/12\/img-sREtOtx0d6R4jq1VWe4FIBoj-1536x878.png 1536w\" sizes=\"auto, (max-width: 1792px) 100vw, 1792px\" \/><\/figure>\n<\/figure>\n\n\n\n<figure class=\"wp-block-image size-large\"><img loading=\"lazy\" decoding=\"async\" width=\"1024\" height=\"585\" src=\"https:\/\/sebeharju.online\/wp-content\/uploads\/2024\/11\/img-bfDBPOq8hRBzTjiXmjInTqNn-1024x585.png\" alt=\"\" class=\"wp-image-73\" srcset=\"https:\/\/sebeharju.online\/wp-content\/uploads\/2024\/11\/img-bfDBPOq8hRBzTjiXmjInTqNn-1024x585.png 1024w, https:\/\/sebeharju.online\/wp-content\/uploads\/2024\/11\/img-bfDBPOq8hRBzTjiXmjInTqNn-300x171.png 300w, https:\/\/sebeharju.online\/wp-content\/uploads\/2024\/11\/img-bfDBPOq8hRBzTjiXmjInTqNn-768x439.png 768w, https:\/\/sebeharju.online\/wp-content\/uploads\/2024\/11\/img-bfDBPOq8hRBzTjiXmjInTqNn-1536x878.png 1536w, https:\/\/sebeharju.online\/wp-content\/uploads\/2024\/11\/img-bfDBPOq8hRBzTjiXmjInTqNn.png 1792w\" sizes=\"auto, (max-width: 1024px) 100vw, 1024px\" \/><\/figure>\n<\/div>\n\n\n\n<div class=\"wp-block-column is-layout-flow wp-block-column-is-layout-flow\">\n<div class=\"wp-block-group has-tertiary-background-color has-background has-global-padding is-layout-constrained wp-container-core-group-is-layout-23b1a4dc wp-block-group-is-layout-constrained\" style=\"padding-top:var(--wp--preset--spacing--30);padding-right:var(--wp--preset--spacing--30);padding-bottom:var(--wp--preset--spacing--30);padding-left:var(--wp--preset--spacing--30)\">\n<div class=\"wp-block-group is-content-justification-space-between is-nowrap is-layout-flex wp-container-core-group-is-layout-cb46ffcb wp-block-group-is-layout-flex\">\n<h3 class=\"wp-block-heading\" style=\"font-size:clamp(14px, 0.875rem + ((1vw - 3.2px) * 0.625), 20px);line-height:1.5\">P\u00f5hja suuna liinid<\/h3>\n<\/div>\n\n\n\n<ul class=\"wp-block-list\">\n<li><a href=\"https:\/\/ytkpohja.pilet.ee\/et\/explore\/route\/MNT:e1a0cb3f9d5e91634975bff1974d9361\/patterns\" target=\"_blank\" rel=\"noreferrer noopener\">100 Tallinn &#8211; Laagna &#8211; Maardu<\/a> (A.Laikmaa)<\/li>\n\n\n\n<li><a href=\"https:\/\/ytkpohja.pilet.ee\/et\/explore\/route\/MNT:819f0761383b488b749c8d2fe67634b1\/patterns\" target=\"_blank\" rel=\"noreferrer noopener\">101 Tallinn &#8211; Maardu<\/a> (A.Laikmaa)<\/li>\n\n\n\n<li><a href=\"https:\/\/ytkpohja.pilet.ee\/et\/explore\/route\/MNT:0b7a27c933eba33e2de194efa5be3009\/patterns\" target=\"_blank\" rel=\"noreferrer noopener\">102 Tallinn &#8211; Laagna &#8211; Muuga &#8211; Maardu<\/a> (Balti Jaam 6)<\/li>\n\n\n\n<li><a href=\"https:\/\/ytkpohja.pilet.ee\/et\/explore\/route\/MNT:228559e2612a6cff4740a87b29a051cc\/patterns\" target=\"_blank\" rel=\"noreferrer noopener\">103 Tallinn &#8211; \u00dclemiste &#8211; Lagedi &#8230; Maardu<\/a> (Bussijaam)<\/li>\n\n\n\n<li><a href=\"https:\/\/ytkpohja.pilet.ee\/et\/explore\/route\/MNT:61a5a11f8c6cefda8f813add8fa746c7\/patterns\" target=\"_blank\" rel=\"noreferrer noopener\">114 Tallinn &#8211; Soodevahe (Balti Jaam 6)<\/a><\/li>\n\n\n\n<li><a href=\"https:\/\/ytkpohja.pilet.ee\/et\/explore\/route\/MNT:61a5a11f8c6cefda8f813add8fa746c7\/patterns\" target=\"_blank\" rel=\"noreferrer noopener\">160 Tallinn &#8211; Soodevahe (Balti Jaam 6)<\/a><\/li>\n\n\n\n<li><a href=\"https:\/\/ytkpohja.pilet.ee\/et\/explore\/route\/MNT:e98200afb5c0b117040b08051664ae83\/patterns\" target=\"_blank\" rel=\"noreferrer noopener\">170 Tallinn &#8211; Laagna &#8211; Maardu<\/a> (A.Laikmaa)<\/li>\n\n\n\n<li><a href=\"https:\/\/ytkpohja.pilet.ee\/et\/explore\/route\/MNT:bbff61e0c10d0881e5383d2bca7b5fd4\/patterns\">171 Tallinn &#8211; Loov\u00e4lja &#8211; Maardu<\/a> (A.Laikmaa)<\/li>\n\n\n\n<li><a href=\"https:\/\/ytkpohja.pilet.ee\/et\/explore\/route\/MNT:52c93c3cafb307ea488a85701a0f6dc0\/patterns\">172 Tallinn &#8211; Lasnam\u00e4gi &#8211; Maardu<\/a> (A.Laikmaa)<\/li>\n\n\n\n<li><a href=\"https:\/\/ytkpohja.pilet.ee\/et\/explore\/route\/MNT:0216cced4ebcebd9300798faec7f45b7\/patterns\" target=\"_blank\" rel=\"noreferrer noopener\">173 Pirita &#8211; Muuga &#8211; Maardu<\/a> (Balti Jaam 6, Pirita)<\/li>\n\n\n\n<li><a href=\"https:\/\/ytkpohja.pilet.ee\/et\/explore\/route\/MNT:a3e36adb0529aa81ea701eb0383115a9\/patterns\">174 Tallinn &#8211; Viimsi &#8211; Haabneeme<\/a> (Balti Jaam 6)<\/li>\n<\/ul>\n<\/div>\n\n\n\n<div class=\"wp-block-group has-tertiary-background-color has-background has-global-padding is-layout-constrained wp-container-core-group-is-layout-23b1a4dc wp-block-group-is-layout-constrained\" style=\"padding-top:var(--wp--preset--spacing--30);padding-right:var(--wp--preset--spacing--30);padding-bottom:var(--wp--preset--spacing--30);padding-left:var(--wp--preset--spacing--30)\">\n<div class=\"wp-block-group is-content-justification-space-between is-nowrap is-layout-flex wp-container-core-group-is-layout-cb46ffcb wp-block-group-is-layout-flex\">\n<h3 class=\"wp-block-heading\" style=\"font-size:clamp(14px, 0.875rem + ((1vw - 3.2px) * 0.625), 20px);line-height:1.5\">L\u00e4\u00e4ne suuna liinid<\/h3>\n<\/div>\n\n\n\n<ul class=\"wp-block-list\">\n<li><a href=\"https:\/\/ytkpohja.pilet.ee\/et\/explore\/route\/MNT:dfbdf867c0532add35e9ffc5dc4b3ea0\/patterns\">107 Tallinn &#8211; Keila &#8211; Munalaskme<\/a> (Balti jaam 2)<\/li>\n\n\n\n<li><a href=\"https:\/\/ytkpohja.pilet.ee\/et\/explore\/route\/MNT:ccb4b2e40ef9a8cb25fb02aabba7229a\/patterns\" target=\"_blank\" rel=\"noreferrer noopener\">119 Tallinn &#8211; Lehetu<\/a> (Balti Jaam 2)<\/li>\n\n\n\n<li><a href=\"https:\/\/ytkpohja.pilet.ee\/et\/explore\/route\/MNT:edfe5121223e939f52d1bd3e2dda5635\/patterns\" target=\"_blank\" rel=\"noreferrer noopener\">133 Keila &#8211; Lehetu<\/a><\/li>\n\n\n\n<li><a href=\"https:\/\/ytkpohja.pilet.ee\/et\/explore\/route\/MNT:32fb6329a4fd7a876bea59d15edd1299\/patterns\" target=\"_blank\" rel=\"noreferrer noopener\">136 Tallinn &#8211; Padise &#8211; Paldiski<\/a> (Balti Jaam 2)<\/li>\n\n\n\n<li><a href=\"https:\/\/ytkpohja.pilet.ee\/et\/explore\/route\/MNT:15a6cedfbd4489b2dd263833f11ada14\/patterns\" target=\"_blank\" rel=\"noreferrer noopener\">145 Tallinn &#8211; Paldiski<\/a> (Balti Jaam 2)<\/li>\n\n\n\n<li><a href=\"https:\/\/ytkpohja.pilet.ee\/et\/explore\/route\/MNT:18220b7a6f4760db64daa1e21868ba08\/patterns\" target=\"_blank\" rel=\"noreferrer noopener\">148 Tallinn &#8211; Rummu<\/a> (Balti Jaam 2)<\/li>\n\n\n\n<li><a href=\"https:\/\/ytkpohja.pilet.ee\/et\/explore\/route\/MNT:20b4d7303b718a003e5b343f253fd442\/patterns\" target=\"_blank\" rel=\"noreferrer noopener\">149 Tallinn &#8211; Audev\u00e4lja<\/a> (Balti Jaam 2)<\/li>\n<\/ul>\n<\/div>\n\n\n\n<div class=\"wp-block-group has-tertiary-background-color has-background has-global-padding is-layout-constrained wp-container-core-group-is-layout-23b1a4dc wp-block-group-is-layout-constrained\" style=\"padding-top:var(--wp--preset--spacing--30);padding-right:var(--wp--preset--spacing--30);padding-bottom:var(--wp--preset--spacing--30);padding-left:var(--wp--preset--spacing--30)\">\n<div class=\"wp-block-group is-content-justification-space-between is-nowrap is-layout-flex wp-container-core-group-is-layout-cb46ffcb wp-block-group-is-layout-flex\">\n<h3 class=\"wp-block-heading\" style=\"font-size:clamp(14px, 0.875rem + ((1vw - 3.2px) * 0.625), 20px);line-height:1.5\">Ida 2 suuna liinid<\/h3>\n<\/div>\n\n\n\n<ul class=\"wp-block-list\">\n<li><a href=\"https:\/\/ytkpohja.pilet.ee\/et\/explore\/route\/MNT:107bb5067b5e72c593a2a43e0a2eb174\/patterns\">104A Tallinn &#8211; Loo &#8211; Kostivere<\/a> (Balti Jaam 5)<\/li>\n\n\n\n<li><a href=\"https:\/\/ytkpohja.pilet.ee\/et\/explore\/route\/MNT:638d9c3ddfd57e99e585b8b3e18ae870\/patterns\">104B Tallinn &#8211; Raasiku &#8211; Kuuse tee<\/a> (Balti Jaam 5)<\/li>\n\n\n\n<li><a href=\"https:\/\/ytkpohja.pilet.ee\/et\/explore\/route\/MNT:494c9948b6ead4057324e93f07dcf71f\/patterns\" target=\"_blank\" rel=\"noreferrer noopener\">104C Tallinn &#8211; Loo &#8211; Kostivere &#8211; J\u00f5el\u00e4htme<\/a> (Balti jaam 5)<\/li>\n\n\n\n<li><a href=\"https:\/\/ytkpohja.pilet.ee\/et\/explore\/route\/MNT:44ad5a8097da62ee1b5d3adc236b56de\/patterns\" target=\"_blank\" rel=\"noreferrer noopener\">106 Tallinn &#8211; Loo<\/a> (Balti Jaam 5)<\/li>\n\n\n\n<li><a href=\"https:\/\/ytkpohja.pilet.ee\/et\/explore\/route\/MNT:96f5fb4a7a0185a058343708f11efa24\/patterns\" target=\"_blank\" rel=\"noreferrer noopener\">106A Tallinn &#8211; Loo &#8211; Lagedi<\/a> (Balti Jaam 5)<\/li>\n\n\n\n<li><a href=\"https:\/\/ytkpohja.pilet.ee\/et\/explore\/route\/MNT:44ad5a8097da62ee1b5d3adc236b56de\/patterns\" target=\"_blank\" rel=\"noreferrer noopener\">106B Tallinn &#8211; Loo<\/a> (Balti Jaam 5)<\/li>\n\n\n\n<li><a href=\"https:\/\/ytkpohja.pilet.ee\/et\/explore\/route\/MNT:432df6826f7d34ad85d85e68af318b26\/patterns\" target=\"_blank\" rel=\"noreferrer noopener\">106C Tallinn &#8211; Loo &#8211; Kostivere<\/a> (Balti Jaam 5)<\/li>\n\n\n\n<li><a href=\"https:\/\/ytkpohja.pilet.ee\/et\/explore\/route\/MNT:4e1fe1940277e7faf7df79f07fe1016b\/patterns\" target=\"_blank\" rel=\"noreferrer noopener\">150 Tallinn &#8211; Kostivere &#8211; Tallinn<\/a> (Balti Jaam 5)<\/li>\n<\/ul>\n<\/div>\n\n\n\n<div class=\"wp-block-group has-tertiary-background-color has-background has-global-padding is-layout-constrained wp-container-core-group-is-layout-23b1a4dc wp-block-group-is-layout-constrained\" style=\"padding-top:var(--wp--preset--spacing--30);padding-right:var(--wp--preset--spacing--30);padding-bottom:var(--wp--preset--spacing--30);padding-left:var(--wp--preset--spacing--30)\">\n<div class=\"wp-block-group is-content-justification-space-between is-nowrap is-layout-flex wp-container-core-group-is-layout-cb46ffcb wp-block-group-is-layout-flex\">\n<h3 class=\"wp-block-heading\" style=\"font-size:clamp(14px, 0.875rem + ((1vw - 3.2px) * 0.625), 20px);line-height:1.5\">Ida suuna liinid<\/h3>\n<\/div>\n\n\n\n<ul class=\"wp-block-list\">\n<li><a href=\"https:\/\/ytkpohja.pilet.ee\/et\/explore\/route\/MNT:9ecd5f58b2a0ee72901538a6d817c914\/patterns\" target=\"_blank\" rel=\"noreferrer noopener\">151 Tallinn &#8211; Loksa<\/a> (Balti Jaam 5)<\/li>\n\n\n\n<li><a href=\"https:\/\/ytkpohja.pilet.ee\/et\/explore\/route\/MNT:0e701405998d21ddfb6816c5217ffa70\/patterns\" target=\"_blank\" rel=\"noreferrer noopener\">151A Tallinn &#8211; Loksa<\/a> (Balti Jaam 5)<\/li>\n\n\n\n<li>152<\/li>\n\n\n\n<li>152A<\/li>\n\n\n\n<li>153<\/li>\n\n\n\n<li>154<\/li>\n\n\n\n<li>155<\/li>\n\n\n\n<li>156<\/li>\n\n\n\n<li>157<\/li>\n\n\n\n<li>157A<\/li>\n\n\n\n<li>158<\/li>\n\n\n\n<li>159<\/li>\n<\/ul>\n<\/div>\n\n\n\n<div class=\"wp-block-group has-tertiary-background-color has-background has-global-padding is-layout-constrained wp-container-core-group-is-layout-23b1a4dc wp-block-group-is-layout-constrained\" style=\"padding-top:var(--wp--preset--spacing--30);padding-right:var(--wp--preset--spacing--30);padding-bottom:var(--wp--preset--spacing--30);padding-left:var(--wp--preset--spacing--30)\">\n<div class=\"wp-block-group is-content-justification-space-between is-nowrap is-layout-flex wp-container-core-group-is-layout-cb46ffcb wp-block-group-is-layout-flex\">\n<h3 class=\"wp-block-heading\" style=\"font-size:clamp(14px, 0.875rem + ((1vw - 3.2px) * 0.625), 20px);line-height:1.5\">Edela suuna liinid<\/h3>\n<\/div>\n\n\n\n<ul class=\"wp-block-list\">\n<li>112<\/li>\n\n\n\n<li>113<\/li>\n\n\n\n<li>116<\/li>\n\n\n\n<li>116A<\/li>\n\n\n\n<li>116B<\/li>\n\n\n\n<li>116C<\/li>\n\n\n\n<li>117<\/li>\n\n\n\n<li>117A<\/li>\n\n\n\n<li>163<\/li>\n\n\n\n<li><a href=\"https:\/\/sebeharju.online\/et\/liin-177\/\" data-type=\"page\" data-id=\"371\">177 Tallinn &#8211; Saku &#8211; Aespa<\/a><\/li>\n\n\n\n<li>178<\/li>\n\n\n\n<li>S8<\/li>\n<\/ul>\n<\/div>\n\n\n\n<div class=\"wp-block-group has-tertiary-background-color has-background has-global-padding is-layout-constrained wp-container-core-group-is-layout-23b1a4dc wp-block-group-is-layout-constrained\" style=\"padding-top:var(--wp--preset--spacing--30);padding-right:var(--wp--preset--spacing--30);padding-bottom:var(--wp--preset--spacing--30);padding-left:var(--wp--preset--spacing--30)\">\n<div class=\"wp-block-group is-content-justification-space-between is-nowrap is-layout-flex wp-container-core-group-is-layout-cb46ffcb wp-block-group-is-layout-flex\">\n<h3 class=\"wp-block-heading\" style=\"font-size:clamp(14px, 0.875rem + ((1vw - 3.2px) * 0.625), 20px);line-height:1.5\">P\u00e4rnumaa liin<\/h3>\n<\/div>\n\n\n\n<ul class=\"wp-block-list\">\n<li><a href=\"https:\/\/ytkpohja.pilet.ee\/et\/explore\/route\/MNT:92351fb1d6b6dbeef0935c9419949ade\/patterns\" target=\"_blank\" rel=\"noreferrer noopener\">336 Tallinn &#8211; M\u00e4rjamaa &#8211; P\u00e4rnu-Jaagupi &#8211; P\u00e4rnu<\/a> (Bussijaam)<\/li>\n<\/ul>\n<\/div>\n\n\n\n<div class=\"wp-block-group has-tertiary-background-color has-background has-global-padding is-layout-constrained wp-container-core-group-is-layout-23b1a4dc wp-block-group-is-layout-constrained\" style=\"padding-top:var(--wp--preset--spacing--30);padding-right:var(--wp--preset--spacing--30);padding-bottom:var(--wp--preset--spacing--30);padding-left:var(--wp--preset--spacing--30)\">\n<div class=\"wp-block-group is-content-justification-space-between is-nowrap is-layout-flex wp-container-core-group-is-layout-cb46ffcb wp-block-group-is-layout-flex\">\n<h3 class=\"wp-block-heading\" style=\"font-size:clamp(14px, 0.875rem + ((1vw - 3.2px) * 0.625), 20px);line-height:1.5\">HAVI t\u00f6\u00f6tajate vedu<\/h3>\n<\/div>\n\n\n\n<ul class=\"wp-block-list\">\n<li>HAVI<\/li>\n<\/ul>\n<\/div>\n<\/div>\n<\/div>\n<\/div>\n","protected":false},"excerpt":{"rendered":"<p>Sebe Harjumaa liinid Sebe Harjumaa bussijuhid teenindavad mitmeid erinevaid hankelepinguid. Meie liinid kuuluvad erinevatesse r\u00fchmadesse ehk suundadesse, mida iseloomustavad erinevad tingimused. N\u00e4iteks p\u00f5hja suunas v\u00f5ivad liikuda k\u00f5ik meie bussid. L\u00e4\u00e4ne2 ja Ida2 suunda on lubatud s\u00f5ita vaid siniste bussidega. Ida suunas saavad liikuda bussid, millel on kolmepunktilised turvav\u00f6\u00f6d, ning Edela suunas v\u00f5ivad s\u00f5ita k\u00f5ik bussid, [&hellip;]<\/p>\n","protected":false},"author":2,"featured_media":0,"parent":0,"menu_order":0,"comment_status":"closed","ping_status":"closed","template":"","meta":{"footnotes":""},"class_list":["post-89","page","type-page","status-publish","hentry"],"_links":{"self":[{"href":"https:\/\/sebeharju.online\/et\/wp-json\/wp\/v2\/pages\/89","targetHints":{"allow":["GET"]}}],"collection":[{"href":"https:\/\/sebeharju.online\/et\/wp-json\/wp\/v2\/pages"}],"about":[{"href":"https:\/\/sebeharju.online\/et\/wp-json\/wp\/v2\/types\/page"}],"author":[{"embeddable":true,"href":"https:\/\/sebeharju.online\/et\/wp-json\/wp\/v2\/users\/2"}],"replies":[{"embeddable":true,"href":"https:\/\/sebeharju.online\/et\/wp-json\/wp\/v2\/comments?post=89"}],"version-history":[{"count":18,"href":"https:\/\/sebeharju.online\/et\/wp-json\/wp\/v2\/pages\/89\/revisions"}],"predecessor-version":[{"id":374,"href":"https:\/\/sebeharju.online\/et\/wp-json\/wp\/v2\/pages\/89\/revisions\/374"}],"wp:attachment":[{"href":"https:\/\/sebeharju.online\/et\/wp-json\/wp\/v2\/media?parent=89"}],"curies":[{"name":"wp","href":"https:\/\/api.w.org\/{rel}","templated":true}]}}