{"id":371,"date":"2025-01-20T08:06:45","date_gmt":"2025-01-20T06:06:45","guid":{"rendered":"https:\/\/sebeharju.online\/et\/?page_id=371"},"modified":"2025-01-20T08:06:45","modified_gmt":"2025-01-20T06:06:45","slug":"liin-177","status":"publish","type":"page","link":"https:\/\/sebeharju.online\/et\/liin-177\/","title":{"rendered":"Liin 177"},"content":{"rendered":"\n<figure class=\"wp-block-image aligncenter size-full\"><img loading=\"lazy\" decoding=\"async\" width=\"416\" height=\"713\" src=\"https:\/\/sebeharju.online\/wp-content\/uploads\/2025\/01\/177.png\" alt=\"\" class=\"wp-image-372\" srcset=\"https:\/\/sebeharju.online\/wp-content\/uploads\/2025\/01\/177.png 416w, https:\/\/sebeharju.online\/wp-content\/uploads\/2025\/01\/177-175x300.png 175w\" sizes=\"auto, (max-width: 416px) 100vw, 416px\" \/><\/figure>\n\n\n\n<p>Liin 177 on kokku 4 tsooni. Samas ei tohi piletit m\u00fc\u00fca tsooni 1.-4. kuna neljas tsoon ei ole tsoon 4. vaid Kohila Tsoon. See tuleneb sellest, et Kohila tsoon on teise hinnakirjaga. M\u00fc\u00fces pileti Kohila tsooni maksab see reisijale sama mis on n\u00e4iteks tsoon Harju1-Harju3, kuid et reisija saaks \u00fcmber istuda teise bussi tuleks m\u00fc\u00fca kassast kindlasti k\u00e4sitsi \u00dcksipilet, kus sihtkohaks on valitud (Kohila) tsoon.<\/p>\n\n\n\n<p><strong>Linnast v\u00e4ljuval suunal (AB) on<\/strong><br>Harju1 tsoon: Viru &#8211; M\u00e4nniku<br>Harju 2 tsoon: M\u00e4nniku jaam &#8211; Nirgioru<br>Harju 3 tsoon: Leesi &#8211; Soonurme<br>Kohila tsoon: Ikaruse &#8211; Entusiasti<\/p>\n\n\n\n<p><strong>Linna saabuval suunal (BA) on<\/strong><br>Kohila tsoon: Entusiasti &#8211; Ikaruse<br>Harju 3 tsoon: Soonurme &#8211; Leesi<br>Harju 2 tsoon: Nirgioru &#8211; M\u00e4nniku jaam<br>Harju 1 tsoon: M\u00e4nniku &#8211; Liiva<br>Harju 1 tsoon (ainult v\u00e4ljumiseks): Risti &#8211; Viru<\/p>\n\n\n\n<p>Risti &#8211; Viru peatuses ei ole bussijuhil enam kohustust j\u00e4rgida graafikut ega kontrollida reisijate peale tuleku soovi. Kui aga on selgelt aru saada, et m\u00f5ni reisija soovib peale tulla, tuleb ta siiski peale v\u00f5tta. Peatused, mis on m\u00f5eldud vaid &#8220;v\u00e4ljumiseks&#8221;, on loodud peamiselt selleks, et buss ei peaks enam kellaaja t\u00f5ttu seisma ega ootama v\u00e4ljumise aega.<br>Kui reisijad v\u00e4ljuvad, siis \u00fcldjuhul nad v\u00e4ljuvad tagumisest uksest, kuid alati tuleb avada ka esimesed uksed ja vajadusel sealt reisijad v\u00e4lja lubada, ning ka &#8220;ainult v\u00e4ljumiseks&#8221; peatusest peale lubada!<\/p>\n","protected":false},"excerpt":{"rendered":"<p>Liin 177 on kokku 4 tsooni. Samas ei tohi piletit m\u00fc\u00fca tsooni 1.-4. kuna neljas tsoon ei ole tsoon 4. vaid Kohila Tsoon. See tuleneb sellest, et Kohila tsoon on teise hinnakirjaga. M\u00fc\u00fces pileti Kohila tsooni maksab see reisijale sama mis on n\u00e4iteks tsoon Harju1-Harju3, kuid et reisija saaks \u00fcmber istuda teise bussi tuleks m\u00fc\u00fca [&hellip;]<\/p>\n","protected":false},"author":2,"featured_media":0,"parent":0,"menu_order":0,"comment_status":"closed","ping_status":"closed","template":"","meta":{"footnotes":""},"class_list":["post-371","page","type-page","status-publish","hentry"],"_links":{"self":[{"href":"https:\/\/sebeharju.online\/et\/wp-json\/wp\/v2\/pages\/371","targetHints":{"allow":["GET"]}}],"collection":[{"href":"https:\/\/sebeharju.online\/et\/wp-json\/wp\/v2\/pages"}],"about":[{"href":"https:\/\/sebeharju.online\/et\/wp-json\/wp\/v2\/types\/page"}],"author":[{"embeddable":true,"href":"https:\/\/sebeharju.online\/et\/wp-json\/wp\/v2\/users\/2"}],"replies":[{"embeddable":true,"href":"https:\/\/sebeharju.online\/et\/wp-json\/wp\/v2\/comments?post=371"}],"version-history":[{"count":1,"href":"https:\/\/sebeharju.online\/et\/wp-json\/wp\/v2\/pages\/371\/revisions"}],"predecessor-version":[{"id":373,"href":"https:\/\/sebeharju.online\/et\/wp-json\/wp\/v2\/pages\/371\/revisions\/373"}],"wp:attachment":[{"href":"https:\/\/sebeharju.online\/et\/wp-json\/wp\/v2\/media?parent=371"}],"curies":[{"name":"wp","href":"https:\/\/api.w.org\/{rel}","templated":true}]}}